{"id":47,"date":"2017-03-13T06:32:35","date_gmt":"2017-03-13T06:32:35","guid":{"rendered":"http:\/\/new.mireille-belle.org\/?page_id=47"},"modified":"2025-08-21T13:57:40","modified_gmt":"2025-08-21T13:57:40","slug":"expos","status":"publish","type":"page","link":"https:\/\/new.mireille-belle.org\/?page_id=47","title":{"rendered":"Expos"},"content":{"rendered":"\n<pre class=\"wp-block-preformatted\"><span style=\"color: #993300;\">2oo5 :<\/span><\/pre>\n\n\n\n<p>&#8211; Exposition personnelle \u00ab\u00a0<i> \u00c9ph\u00e9m\u00e8re et Vivant \u00ab\u00a0<\/i> \u00e0 Chamb\u00e9ry 50 toiles, 50 sculptures.<br>\n&#8211; <i>Artis\u2019art<\/i> \u00e0 Saint-\u00c9tienne : cit\u00e9 de la c\u00e9ramique<\/p>\n\n\n\n<p><span style=\"color: #993300;\">2oo6 :<\/span><\/p>\n\n\n\n<p>&#8211;&nbsp; <i>Sculptures <\/i>\u00e0 Fort Barraux<\/p>\n\n\n\n<p><span style=\"color: #993300;\">2oo7 :<\/span><\/p>\n\n\n\n<p>&#8211; <i>25 sculpteurs dans le clos \u00e0<\/i> Vaux en Bugey<br>\n&#8211; <i>Galerie singul\u2019art <\/i>\u00e0 Lyon + expos <i>\u00ab\u00a0100 papier \u00ab\u00a0<\/i> et <i>\u00a0\u00bb Libertin\u2019art \u00ab\u00a0<\/i><br>\n&#8211; <i>Rencontres internationales de l\u2019objet d\u2019art <\/i>\u00e0 Saint Etienne<\/p>\n\n\n\n<p><span style=\"color: #993300;\">2oo8 :<\/span><\/p>\n\n\n\n<p>&#8211; <em>La t\u00eate dans les \u00e9toiles<\/em>&nbsp; \u00e0 la MAC de P\u00e9rouges<br>\n&#8211; <em>Au fil de l\u2019eau<\/em> , c\u00e9ramique \u00e0 Aubagne<br>\n&#8211; <em>Passion c\u00e9ramique<\/em>&nbsp; \u00e0 Praz sur Arly<br>\n&#8211; <em>Biennale de sculpture animali\u00e8re <\/em>de Rambouillet<\/p>\n\n\n\n<p><span style=\"color: #993300;\">2oo9 :<\/span><\/p>\n\n\n\n<p>&#8211; <em>C\u00e9ramiques Insolites<\/em>&nbsp; \u00e0 Saint Galmier<br>\n&#8211; <em>Salon international d&rsquo;art \u00e0 Hy\u00e8res<\/em> les palmiers : <span style=\"color: #800000;\">1er prix de sculpture et 1er prix de peinture<\/span><br>\n&#8211; <em>Terre en f\u00eate<\/em> galerie du Quai \u00e0 Saint Rambert en bugey<br>\n&#8211; <em>Hommage \u00e0 Michelange <\/em>\/ collectif<em>&nbsp;\u00ab\u00a0les Actualistes\u00a0\u00bb \u00e0<\/em> Aix les Bains<br>\n&#8211; <em>Salon des arts<\/em> de Poncin<\/p>\n\n\n\n<p><span style=\"color: #993300;\">2o10 :<\/span><\/p>\n\n\n\n<p>&#8211; Salon <i>Talents de femmes <\/i>Toulon la Garde <span style=\"color: #800000;\">1er prix de sculpture<\/span><br>\n&#8211; <i>Ultima C\u00e9ramica <\/i>au monast\u00e8re de Beauregard \u00e0 Orgon<br>\n&#8211; <i>6 \u00e8me salon de sculpture <\/i>de la Seyne sur mer<br>\n&#8211; <i>4 Femmes au Singulier <\/i>\u00e0 Chamb\u00e9ry.<br>\n&#8211; <i>Expo Personnelle&nbsp; \u00ab\u00a0Sur le fil du vivant\u00a0\u00bb&nbsp; <\/i>\u00e0 Sanary sur mer<br>\n<em>&#8211; Invit\u00e9e d&rsquo;honneur<\/em> du salon Artistorium au Palais de Bondy \u00e0 Lyon<\/p>\n\n\n\n<p><span style=\"color: #993300;\">2011 :<\/span><\/p>\n\n\n\n<p>&#8211; Carte Blanche Galerie La Rage \u00e0 Lyon : \u00ab\u00a0<i>Vivants tels des Funambules sur le fil de nos r\u00eaves\u00a0\u00bb <\/i><br>\n&#8211; <i>16 \u00e8me \u00e9dition L&rsquo;art en Mai&nbsp; <\/i>\u00e0 Pont de Roide<br>\n&#8211; <i>C\u00e9ramiques Insolites&nbsp; <\/i>\u00e0 Saint Galmier<br>\n&#8211; <i>Biennale hors les normes de Lyon \/ Singul\u2019Art <\/i>\u00e0 Rillieux la Pape<br>\n&#8211; <i>Galerie Les Insoumis <\/i>\u00e0 Montbrison<br>\n&#8211; <i>Expo perso \u00ab\u00a0Sur le Fil du Vivant\u00a0\u00bb&nbsp; <\/i>Chapelle Vaugelas \u00e0 Chamb\u00e9ry<\/p>\n\n\n\n<p><span style=\"color: #993300;\">2012 :<\/span><\/p>\n\n\n\n<p>&#8211; <i>Biennale RAKU <\/i><i>\u697d\u713c<\/i><i> :&nbsp;Le bonheur dans le hasard&nbsp; <\/i>\u00e0 Sanary sur Mer<br>\n&#8211; <i>Galerie les insoumis <\/i>\u00e0 Montbrison<br>\n&#8211; <i>l&rsquo;Art en Cave <\/i>expo \u00e0 Parves<br>\n&#8211; <i>L&rsquo;\u00e9t\u00e9 Sculpture <\/i>\u00e0 Saint Galmier<br>\n&#8211; <i>Biennale d&rsquo;art contemporain et sculpture Monumentale <\/i>de Marcigny<br>\n&#8211; <i>Expo Perso <\/i>galerie l&rsquo;Atelier des Artistes \u00e0 Sanary sur mer<br>\n&#8211; Manifestation Rh\u00f4ne-Alpes<i>\u00ab\u00a0Rendez-vous \u00e0 l&rsquo;atelier\u00a0\u00bb <\/i>\u00e0 Belley<\/p>\n\n\n\n<p><span style=\"color: #993300;\">2013 :<\/span><\/p>\n\n\n\n<p>&#8211; <i>Rat d&rsquo;Art Volant <\/i>\u00e0 Millau<br>\n&#8211; <i>Salon de l&rsquo;acad\u00e9mie d&rsquo;art <\/i>de M\u00e2con<br>\n&#8211; <i>R\u00e9trospective 20 ans de hors les normes <\/i>\u00e0 Praz sur Arly<br>\n&#8211; <i>L&rsquo;\u00e9t\u00e9 sculpture <\/i>\u00e0 Saint Galmier<br>\n&#8211; <i>Expo Perso <\/i>\u00e0 l&rsquo;office de Tourisme de Bandol<br>\n&#8211; <i>Expo perso <\/i>galerie l&rsquo;Atelier des artistes \u00e0 Sanary-sur-mer<br>\n&#8211; <i>3 \u00e8me Salon de la sculpture <\/i>de La Londe Les Maures<br>\n&#8211; <i>Salon des Artistes Fran\u00e7ais <\/i>\/ Art en Capital&nbsp; Grand Palais \u00e0 Paris<\/p>\n\n\n\n<p><span style=\"color: #993300;\">2014 :<\/span><\/p>\n\n\n\n<p>&#8211; <i>Galerie du Pont des Z&rsquo;arts <\/i>\u00e0 Seyssel<br>\n&#8211; <i>Expo perso <\/i>\u00e0 l&rsquo;espace culturel Ravaisou \u00e0 Bandol<br>\n&#8211; <i>Expo perso <\/i>au golf Dolce F\u00e9gate \u00e0 Saint Cyr-sur-mer<br>\n&#8211; <i>L&rsquo;Art Suspendu <\/i>\u00e0 Sanary-sur-mer<br>\n&#8211; <i>Salon des Abrets <\/i>au ch\u00e2teau de Virieu<\/p>\n\n\n\n<p><span style=\"color: #993300;\">2015 :<\/span><\/p>\n\n\n\n<p>&#8211; <i>Expo perso <\/i>galerie Barth\u00e9l\u00e9my de Don \u00e0 Sanary sur Mer<br>\n&#8211; <i>Invit\u00e9e d&rsquo;honneur du Salon ArtCit\u00e9 <\/i>\u00e0 Bourg en Bresse.<br>\n&#8211; <i>Biennale d&rsquo;art Populaire&nbsp; les&nbsp; Ain&rsquo;pertinentes&nbsp;<\/i> Bourg en Bresse<br>\n&#8211; <i>10e \u00e9dition des \u00ab\u00a0Journandises\u00a0\u00bb <\/i>\u00e0 Journans<br>\n&#8211; <i>La Grande Expo <\/i>\u00e0 Beynost<br>\n&#8211; <i>Salon de sculpture<\/i> de La Londe Les Maures<\/p>\n\n\n\n<p><span style=\"color: #993300;\">2016 :<\/span><\/p>\n\n\n\n<p>&#8211; <i>Salon&nbsp;Talents de femmes&nbsp;<\/i> \u00e0 Toulon La Garde<br>\n&#8211; <i>\u00ab\u00a0Tchernobyl, Fukushima &#8230;\u00a0\u00bb <\/i>\u00e0 Grenoble<br>\n&#8211; <i>Biennale RAKU <\/i><i>\u697d\u713c<\/i><i> :&nbsp;Le bonheur dans le hasard&nbsp; <\/i>\u00e0 Sanary sur Mer<br>\n&#8211; <i>Expo perso \u00ab\u00a0Sur le Fil du Vivant\u00a0\u00bb <\/i>\u00e0 Gordes<br>\n&#8211;&nbsp;<i>Biennale d&rsquo;Art Contemporain et Sculpture Monumentale <\/i>de Marcigny<\/p>\n\n\n\n<p><span style=\"color: #993300;\">2017 :<\/span><\/p>\n\n\n\n<p>&#8211; <i>Invit\u00e9e d&rsquo;honneur du Salon des Amis des Arts \u00e0 Voiron<\/i>.<br>\n&#8211; <i> Expo perso \u00ab\u00a0Sur le Fil du Vivant\u00a0\u00bb <\/i>\u00e0 Sarlat<br>\n&#8211; <i>Expo perso \u00a0\u00bb Dans les Pas du Vivant\u00a0\u00bb aux Jardins de la Ferme Bleue \u00e0 Uttenhoffen en Alsace<br>\n&#8211; <i>Expo perso \u00e0 la salle des f\u00eates de Belley<br>\n&#8211;<i> Biennale internationale de sculpture de Montreux en Suisse<\/i><\/i><\/i><\/p>\n\n\n\n<p><span style=\"color: #993300;\">2018 :<\/span><\/p>\n\n\n\n<p>&#8211; Autour du Feu et Atelier en Fleurs \u00e0 Domessin<br>\n&#8211; Galerie des Chardons Gr\u00e9oux Les Bains<br>\n&#8211; Expo Perso au Ch\u00e2teau de Longpra \u00e0 St Geoire en Valdaine<br>\n-11 \u00e8me \u00e9dition Salon \u00e9lan d&rsquo;ART \u00e0 Montpellier<br>\n&#8211; 5 \u00e8me Salon de la Cr\u00e9ation du Rotary Club \u00e0 Evian les bains<br>\n&#8211; Ev\u00e9nement \u00ab\u00a01, 2, 3, 4, 5 ! \u00e0 l\u2019ATELIER\u00a0\u00bb \u00e0 Belley<\/p>\n\n\n\n<p><span style=\"text-align: left; color: #191e23; text-transform: none; text-indent: 0px; letter-spacing: normal; font-family: 'Noto Serif'; font-size: 16px; font-style: normal; font-variant: normal; font-weight: 400; text-decoration: none; word-spacing: 0px; float: none; display: inline !important; white-space: normal; cursor: text; orphans: 2; background-color: transparent; -webkit-text-stroke-width: 0px;\"><i><\/i><span style=\"color: #800000;\">&nbsp;<\/span><\/span><span style=\"color: #800000;\">2019 :<\/span><\/p>\n\n\n\n<p class=\"has-text-align-left\">&#8211;&nbsp; Autour du Feu \u00e0 l&rsquo;atelier de Fleur de Courge \u00e0 Domessin<br>\n&#8211; Salon Conflu&rsquo;arts \u00e0 Lyon<br>\n&#8211; Expo perso \u00e0 Gordes<br>\n&#8211; Symposium L\u00e9z&rsquo;arts en Adrets \u00e0 Hautecour<br>\n&#8211; Expo de sculptures monumentales au Ch\u00e2teau de Gilly (Bourgogne)<br>\n&#8211; Expo des Fragiles Sentinelles au Marais de Monfort ( Is\u00e8re)<br>&#8211; Expo perso \u00e0 Sanary sur Mer<br>&#8211; Salon des Abrets en Is\u00e8re<br>&#8211; Lumi\u00e8re d\u2019Automne \u00e0 l\u2019Atelier de Fleur de Courge \u00e0 Domessin<br> &#8211; 7 \u00e9me nuit de la sculpture. invit\u00e9e par Carr\u00e9 d&rsquo;art \u00e0 Rumilly<br> &#8211; Ev\u00e9nement \u00ab\u00a01, 2, 3, 4, 5 ! \u00e0 l\u2019ATELIER\u00a0\u00bb \u00e0 Belley<\/p>\n\n\n\n<p><span style=\"color: #800000;\">2020 :<\/span><\/p>\n\n\n\n<p class=\"has-text-align-left\">&#8211; Expo \u00ab\u00a0Travers\u00e9e\u00a0\u00bb au Mus\u00e9e Eph\u00e9m\u00e8re Bugey-monde \u00e0 Belley<br>&#8211; Sculpture en l&rsquo;\u00eele \u00e0 Andr\u00e9sy<\/p>\n\n\n\n<p><span style=\"color: #800000;\">2021 :<\/span><\/p>\n\n\n\n<p class=\"has-text-align-left\">&#8211;&nbsp; Ch\u00e2teau d&rsquo;Albertas \u00e0 Bouc Bel Air<br>&#8211; Festival Woua&rsquo;art \u00e0 Nantua<br>&#8211; La Grande Expo\u00a0\u00bb \u00e0 Beynost<br> &#8211; Ev\u00e9nement \u00ab\u00a01, 2, 3, 4, 5 ! \u00e0 l\u2019Atelier\u00a0\u00bb \u00e0 Belley<\/p>\n\n\n\n<p><span style=\"color: #800000;\">2022 :<\/span><\/p>\n\n\n\n<p class=\"has-text-align-left\">&#8211; Salon maison et jardin de M\u00e2con<br>&#8211; biennale Conflu&rsquo;arts \u00e0 Lyon<br>&#8211; les jardins d&rsquo;Albertas \u00e0 Bouc-Bel-air<br>&#8211; Festival Woua&rsquo;art \u00e0 Nantua<br>&#8211; invit\u00e9e d&rsquo;honneur salon de Oullins<\/p>\n\n\n\n<p class=\"has-text-align-left\"><span style=\"color: #800000;\">2023 :<\/span><\/p>\n\n\n\n<p class=\"has-text-align-left\">&#8211; Salon maison et d\u00e9coration d&rsquo;Alberville<br>&#8211; les jardins d&rsquo;Albertas \u00e0 Bouc-Bel-air<br>&#8211; Festival Woua&rsquo;art \u00e0 Nantua<\/p>\n\n\n\n<p class=\"has-text-align-left\"><span style=\"color: #800000;\">2024:<\/span><\/p>\n\n\n\n<p class=\"has-text-align-left\">&nbsp;&#8211; les jardins d&rsquo;Albertas \u00e0 Bouc-Bel-air<br>&#8211; ScupltNature \u00e0 Bourg en Bresse<br>&#8211; Expo Mati\u00e8res Sensibles au ch\u00e2teau de Mussel (Valserh\u00f4ne)<\/p>\n\n\n\n<p class=\"has-text-align-left\"><span style=\"color: #800000;\">2025:<\/span><\/p>\n\n\n\n<p>&#8211; Expo&nbsp; collectives (9 sculpteurs ) \u00e0 Chamb\u00e9ry<br>&#8211; les jardins d&rsquo;Albertas \u00e0 Bouc-Bel-air<br>&#8211; Festival Woua&rsquo;art \u00e0 Nantua<br>&#8211; 6 \u00e9me biennale de sculpture monumentale contemporaine Art Fareins<\/p>\n","protected":false},"excerpt":{"rendered":"<p>2oo5 : &#8211; Exposition personnelle \u00ab\u00a0 \u00c9ph\u00e9m\u00e8re et Vivant \u00ab\u00a0 \u00e0 Chamb\u00e9ry 50 toiles, 50 sculptures. &#8211; Artis\u2019art \u00e0 Saint-\u00c9tienne : cit\u00e9 de la c\u00e9ramique 2oo6 : &#8211;&nbsp; Sculptures \u00e0 Fort Barraux 2oo7 : &#8211; 25 sculpteurs dans le clos \u00e0 Vaux en Bugey &#8211; Galerie singul\u2019art \u00e0 Lyon + expos \u00ab\u00a0100 papier \u00ab\u00a0 et &hellip; <a href=\"https:\/\/new.mireille-belle.org\/?page_id=47\" class=\"more-link\">Continuer la lecture de <span class=\"screen-reader-text\">Expos<\/span>  <span class=\"meta-nav\">&rarr;<\/span><\/a><\/p>\n","protected":false},"author":2,"featured_media":0,"parent":0,"menu_order":0,"comment_status":"closed","ping_status":"closed","template":"","meta":{"footnotes":""},"class_list":["post-47","page","type-page","status-publish","hentry"],"_links":{"self":[{"href":"https:\/\/new.mireille-belle.org\/index.php?rest_route=\/wp\/v2\/pages\/47","targetHints":{"allow":["GET"]}}],"collection":[{"href":"https:\/\/new.mireille-belle.org\/index.php?rest_route=\/wp\/v2\/pages"}],"about":[{"href":"https:\/\/new.mireille-belle.org\/index.php?rest_route=\/wp\/v2\/types\/page"}],"author":[{"embeddable":true,"href":"https:\/\/new.mireille-belle.org\/index.php?rest_route=\/wp\/v2\/users\/2"}],"replies":[{"embeddable":true,"href":"https:\/\/new.mireille-belle.org\/index.php?rest_route=%2Fwp%2Fv2%2Fcomments&post=47"}],"version-history":[{"count":99,"href":"https:\/\/new.mireille-belle.org\/index.php?rest_route=\/wp\/v2\/pages\/47\/revisions"}],"predecessor-version":[{"id":917,"href":"https:\/\/new.mireille-belle.org\/index.php?rest_route=\/wp\/v2\/pages\/47\/revisions\/917"}],"wp:attachment":[{"href":"https:\/\/new.mireille-belle.org\/index.php?rest_route=%2Fwp%2Fv2%2Fmedia&parent=47"}],"curies":[{"name":"wp","href":"https:\/\/api.w.org\/{rel}","templated":true}]}}