{"id":68,"date":"2017-08-20T13:04:42","date_gmt":"2017-08-20T13:04:42","guid":{"rendered":"http:\/\/new.mireille-belle.org\/?page_id=68"},"modified":"2025-07-31T16:05:16","modified_gmt":"2025-07-31T16:05:16","slug":"peintures","status":"publish","type":"page","link":"https:\/\/new.mireille-belle.org\/?page_id=68","title":{"rendered":"Peintures"},"content":{"rendered":"<p style=\"text-align: left;\"><em>Ma peinture a toujours pris son temps et longtemps trouv\u00e9 son chemin seulement dans l&rsquo;\u00e9paisseur sensuelle de l&rsquo;huile. Avec le corps pour sujet de pr\u00e9dilection, j&rsquo;y colore l\u2019\u00e9ph\u00e9m\u00e8re passage d&rsquo;un homme parmi ses semblables.<\/em><\/p>\n\n\n<h6 class=\"wp-block-heading\">Peintures \u00e0 l&rsquo;huile<\/h6>\n\n\n\n<figure class=\"wp-block-gallery has-nested-images columns-default is-cropped wp-block-gallery-1 is-layout-flex wp-block-gallery-is-layout-flex\">\n<figure class=\"wp-block-image size-full\"><a href=\"http:\/\/new.mireille-belle.org\/wp-content\/uploads\/2019\/08\/tout_doucement_optimisation-google-mireilleBelle.jpg\"><img loading=\"lazy\" decoding=\"async\" width=\"900\" height=\"675\" data-id=\"480\" src=\"http:\/\/new.mireille-belle.org\/wp-content\/uploads\/2019\/08\/tout_doucement_optimisation-google-mireilleBelle.jpg\" alt=\"Tout doucement\" class=\"wp-image-480\" srcset=\"https:\/\/new.mireille-belle.org\/wp-content\/uploads\/2019\/08\/tout_doucement_optimisation-google-mireilleBelle.jpg 900w, https:\/\/new.mireille-belle.org\/wp-content\/uploads\/2019\/08\/tout_doucement_optimisation-google-mireilleBelle-350x263.jpg 350w, https:\/\/new.mireille-belle.org\/wp-content\/uploads\/2019\/08\/tout_doucement_optimisation-google-mireilleBelle-768x576.jpg 768w\" sizes=\"auto, (max-width: 900px) 100vw, 900px\" \/><\/a><\/figure>\n\n\n\n<figure class=\"wp-block-image size-full\"><a href=\"http:\/\/new.mireille-belle.org\/wp-content\/uploads\/2019\/08\/promesse_optimisation-google-mireilleBelle.jpg\"><img loading=\"lazy\" decoding=\"async\" width=\"900\" height=\"675\" data-id=\"479\" src=\"http:\/\/new.mireille-belle.org\/wp-content\/uploads\/2019\/08\/promesse_optimisation-google-mireilleBelle.jpg\" alt=\"Promesse\" class=\"wp-image-479\" srcset=\"https:\/\/new.mireille-belle.org\/wp-content\/uploads\/2019\/08\/promesse_optimisation-google-mireilleBelle.jpg 900w, https:\/\/new.mireille-belle.org\/wp-content\/uploads\/2019\/08\/promesse_optimisation-google-mireilleBelle-350x263.jpg 350w, https:\/\/new.mireille-belle.org\/wp-content\/uploads\/2019\/08\/promesse_optimisation-google-mireilleBelle-768x576.jpg 768w\" sizes=\"auto, (max-width: 900px) 100vw, 900px\" \/><\/a><\/figure>\n\n\n\n<figure class=\"wp-block-image size-full\"><a href=\"http:\/\/new.mireille-belle.org\/wp-content\/uploads\/2019\/08\/porte_jarretelle_optimisation-google-mireilleBelle.jpg\"><img loading=\"lazy\" decoding=\"async\" width=\"900\" height=\"675\" data-id=\"478\" src=\"http:\/\/new.mireille-belle.org\/wp-content\/uploads\/2019\/08\/porte_jarretelle_optimisation-google-mireilleBelle.jpg\" alt=\"Le Porte-Jarretelle\" class=\"wp-image-478\" srcset=\"https:\/\/new.mireille-belle.org\/wp-content\/uploads\/2019\/08\/porte_jarretelle_optimisation-google-mireilleBelle.jpg 900w, https:\/\/new.mireille-belle.org\/wp-content\/uploads\/2019\/08\/porte_jarretelle_optimisation-google-mireilleBelle-350x263.jpg 350w, https:\/\/new.mireille-belle.org\/wp-content\/uploads\/2019\/08\/porte_jarretelle_optimisation-google-mireilleBelle-768x576.jpg 768w\" sizes=\"auto, (max-width: 900px) 100vw, 900px\" \/><\/a><\/figure>\n\n\n\n<figure class=\"wp-block-image size-full\"><a href=\"http:\/\/new.mireille-belle.org\/wp-content\/uploads\/2019\/08\/nu_de_dos_optimisation-google-mireilleBelle.jpg\"><img loading=\"lazy\" decoding=\"async\" width=\"900\" height=\"675\" data-id=\"477\" src=\"http:\/\/new.mireille-belle.org\/wp-content\/uploads\/2019\/08\/nu_de_dos_optimisation-google-mireilleBelle.jpg\" alt=\"Nu de Dos\" class=\"wp-image-477\" srcset=\"https:\/\/new.mireille-belle.org\/wp-content\/uploads\/2019\/08\/nu_de_dos_optimisation-google-mireilleBelle.jpg 900w, https:\/\/new.mireille-belle.org\/wp-content\/uploads\/2019\/08\/nu_de_dos_optimisation-google-mireilleBelle-350x263.jpg 350w, https:\/\/new.mireille-belle.org\/wp-content\/uploads\/2019\/08\/nu_de_dos_optimisation-google-mireilleBelle-768x576.jpg 768w\" sizes=\"auto, (max-width: 900px) 100vw, 900px\" \/><\/a><\/figure>\n\n\n\n<figure class=\"wp-block-image size-full\"><a href=\"http:\/\/new.mireille-belle.org\/wp-content\/uploads\/2019\/08\/grand_nu_couche_optimisation-google-mireilleBelle.jpg\"><img loading=\"lazy\" decoding=\"async\" width=\"900\" height=\"675\" data-id=\"476\" src=\"http:\/\/new.mireille-belle.org\/wp-content\/uploads\/2019\/08\/grand_nu_couche_optimisation-google-mireilleBelle.jpg\" alt=\"Grand Nu Couch\u00e9\" class=\"wp-image-476\" srcset=\"https:\/\/new.mireille-belle.org\/wp-content\/uploads\/2019\/08\/grand_nu_couche_optimisation-google-mireilleBelle.jpg 900w, https:\/\/new.mireille-belle.org\/wp-content\/uploads\/2019\/08\/grand_nu_couche_optimisation-google-mireilleBelle-350x263.jpg 350w, https:\/\/new.mireille-belle.org\/wp-content\/uploads\/2019\/08\/grand_nu_couche_optimisation-google-mireilleBelle-768x576.jpg 768w\" sizes=\"auto, (max-width: 900px) 100vw, 900px\" \/><\/a><\/figure>\n\n\n\n<figure class=\"wp-block-image size-full\"><a href=\"http:\/\/new.mireille-belle.org\/wp-content\/uploads\/2019\/08\/couleurs_de_femme_optimisation-google-mireilleBelle.jpg\"><img loading=\"lazy\" decoding=\"async\" width=\"900\" height=\"675\" data-id=\"475\" src=\"http:\/\/new.mireille-belle.org\/wp-content\/uploads\/2019\/08\/couleurs_de_femme_optimisation-google-mireilleBelle.jpg\" alt=\"Couleurs de Femme\" class=\"wp-image-475\" srcset=\"https:\/\/new.mireille-belle.org\/wp-content\/uploads\/2019\/08\/couleurs_de_femme_optimisation-google-mireilleBelle.jpg 900w, https:\/\/new.mireille-belle.org\/wp-content\/uploads\/2019\/08\/couleurs_de_femme_optimisation-google-mireilleBelle-350x263.jpg 350w, https:\/\/new.mireille-belle.org\/wp-content\/uploads\/2019\/08\/couleurs_de_femme_optimisation-google-mireilleBelle-768x576.jpg 768w\" sizes=\"auto, (max-width: 900px) 100vw, 900px\" \/><\/a><\/figure>\n<\/figure>\n\n\n\n<p><em>Je m&rsquo;\u00e9vade aussi aujourd&rsquo;hui du sujet dans une recherche intens\u00e9ment picturale en couleurs et lumi\u00e8res, \u00e0 l&rsquo;acrylique.Dans mes Variations Rouges j&rsquo;explore traces, lignes et \u00e9clats pour un impact visuel puissant et esth\u00e9tique<\/em><\/p>\n\n\n\n<h6 class=\"wp-block-heading\">Peintures \u00e0 l&rsquo;Acrylique<\/h6>\n\n\n\n<figure class=\"wp-block-gallery has-nested-images columns-default is-cropped wp-block-gallery-2 is-layout-flex wp-block-gallery-is-layout-flex\">\n<figure class=\"wp-block-image size-full\"><a href=\"http:\/\/new.mireille-belle.org\/wp-content\/uploads\/2018\/11\/wordpress-optimisation-peinture9-mireillebelle.jpg\"><img loading=\"lazy\" decoding=\"async\" width=\"900\" height=\"674\" data-id=\"306\" src=\"http:\/\/new.mireille-belle.org\/wp-content\/uploads\/2018\/11\/wordpress-optimisation-peinture9-mireillebelle.jpg\" alt=\"Peinture de Mireille Belle, acrylique, Variations Rouges\" class=\"wp-image-306\" srcset=\"https:\/\/new.mireille-belle.org\/wp-content\/uploads\/2018\/11\/wordpress-optimisation-peinture9-mireillebelle.jpg 900w, https:\/\/new.mireille-belle.org\/wp-content\/uploads\/2018\/11\/wordpress-optimisation-peinture9-mireillebelle-350x262.jpg 350w, https:\/\/new.mireille-belle.org\/wp-content\/uploads\/2018\/11\/wordpress-optimisation-peinture9-mireillebelle-768x575.jpg 768w\" sizes=\"auto, (max-width: 900px) 100vw, 900px\" \/><\/a><\/figure>\n\n\n\n<figure class=\"wp-block-image size-full\"><a href=\"http:\/\/new.mireille-belle.org\/wp-content\/uploads\/2018\/11\/wordpress-optimisation-peinture4-mireillebelle.jpg\"><img loading=\"lazy\" decoding=\"async\" width=\"675\" height=\"675\" data-id=\"298\" src=\"http:\/\/new.mireille-belle.org\/wp-content\/uploads\/2018\/11\/wordpress-optimisation-peinture4-mireillebelle.jpg\" alt=\"Peinture de Mireille Belle, acrylique, Variations Rouges\" class=\"wp-image-298\" srcset=\"https:\/\/new.mireille-belle.org\/wp-content\/uploads\/2018\/11\/wordpress-optimisation-peinture4-mireillebelle.jpg 675w, https:\/\/new.mireille-belle.org\/wp-content\/uploads\/2018\/11\/wordpress-optimisation-peinture4-mireillebelle-200x200.jpg 200w, https:\/\/new.mireille-belle.org\/wp-content\/uploads\/2018\/11\/wordpress-optimisation-peinture4-mireillebelle-350x350.jpg 350w\" sizes=\"auto, (max-width: 675px) 100vw, 675px\" \/><\/a><\/figure>\n\n\n\n<figure class=\"wp-block-image size-large\"><img loading=\"lazy\" decoding=\"async\" width=\"675\" height=\"675\" data-id=\"297\" src=\"https:\/\/new.mireille-belle.org\/wp-content\/uploads\/2018\/11\/wordpress-optimisation-peinture1-mireillebelle.jpg\" alt=\"Peinture de Mireille Belle, acrylique, Variations Rouges\" class=\"wp-image-297\" srcset=\"https:\/\/new.mireille-belle.org\/wp-content\/uploads\/2018\/11\/wordpress-optimisation-peinture1-mireillebelle.jpg 675w, https:\/\/new.mireille-belle.org\/wp-content\/uploads\/2018\/11\/wordpress-optimisation-peinture1-mireillebelle-200x200.jpg 200w, https:\/\/new.mireille-belle.org\/wp-content\/uploads\/2018\/11\/wordpress-optimisation-peinture1-mireillebelle-350x350.jpg 350w\" sizes=\"auto, (max-width: 675px) 100vw, 675px\" \/><\/figure>\n\n\n\n<figure class=\"wp-block-image size-large\"><img loading=\"lazy\" decoding=\"async\" width=\"675\" height=\"675\" data-id=\"294\" src=\"https:\/\/new.mireille-belle.org\/wp-content\/uploads\/2018\/11\/wordpress-optimisation-peinture3.jpg\" alt=\"Peinture de Mireille Belle, acrylique, Variations Rouges\" class=\"wp-image-294\" srcset=\"https:\/\/new.mireille-belle.org\/wp-content\/uploads\/2018\/11\/wordpress-optimisation-peinture3.jpg 675w, https:\/\/new.mireille-belle.org\/wp-content\/uploads\/2018\/11\/wordpress-optimisation-peinture3-200x200.jpg 200w, https:\/\/new.mireille-belle.org\/wp-content\/uploads\/2018\/11\/wordpress-optimisation-peinture3-350x350.jpg 350w\" sizes=\"auto, (max-width: 675px) 100vw, 675px\" \/><\/figure>\n\n\n\n<figure class=\"wp-block-image size-full\"><a href=\"http:\/\/new.mireille-belle.org\/wp-content\/uploads\/2018\/11\/wordpress-optimisation-peinture11-mireillebelle.jpg\"><img loading=\"lazy\" decoding=\"async\" width=\"675\" height=\"509\" data-id=\"304\" src=\"http:\/\/new.mireille-belle.org\/wp-content\/uploads\/2018\/11\/wordpress-optimisation-peinture11-mireillebelle.jpg\" alt=\"Peinture de Mireille Belle, acrylique, Variations Rouges\" class=\"wp-image-304\" srcset=\"https:\/\/new.mireille-belle.org\/wp-content\/uploads\/2018\/11\/wordpress-optimisation-peinture11-mireillebelle.jpg 675w, https:\/\/new.mireille-belle.org\/wp-content\/uploads\/2018\/11\/wordpress-optimisation-peinture11-mireillebelle-350x264.jpg 350w\" sizes=\"auto, (max-width: 675px) 100vw, 675px\" \/><\/a><\/figure>\n\n\n\n<figure class=\"wp-block-image size-full\"><a href=\"http:\/\/new.mireille-belle.org\/wp-content\/uploads\/2018\/11\/wordpress-optimisation-peinture10-mireillebelle.jpg\"><img loading=\"lazy\" decoding=\"async\" width=\"900\" height=\"719\" data-id=\"303\" src=\"http:\/\/new.mireille-belle.org\/wp-content\/uploads\/2018\/11\/wordpress-optimisation-peinture10-mireillebelle.jpg\" alt=\"Peinture de Mireille Belle, acrylique, Variations Rouges\" class=\"wp-image-303\" srcset=\"https:\/\/new.mireille-belle.org\/wp-content\/uploads\/2018\/11\/wordpress-optimisation-peinture10-mireillebelle.jpg 900w, https:\/\/new.mireille-belle.org\/wp-content\/uploads\/2018\/11\/wordpress-optimisation-peinture10-mireillebelle-350x280.jpg 350w, https:\/\/new.mireille-belle.org\/wp-content\/uploads\/2018\/11\/wordpress-optimisation-peinture10-mireillebelle-768x614.jpg 768w\" sizes=\"auto, (max-width: 900px) 100vw, 900px\" \/><\/a><\/figure>\n\n\n\n<figure class=\"wp-block-image size-full\"><a href=\"http:\/\/new.mireille-belle.org\/wp-content\/uploads\/2018\/11\/wordpress-optimisation-peinture8-mireillebelle.jpg\"><img loading=\"lazy\" decoding=\"async\" width=\"675\" height=\"675\" data-id=\"302\" src=\"http:\/\/new.mireille-belle.org\/wp-content\/uploads\/2018\/11\/wordpress-optimisation-peinture8-mireillebelle.jpg\" alt=\"Peinture de Mireille Belle, acrylique, Variations Rouges\" class=\"wp-image-302\" srcset=\"https:\/\/new.mireille-belle.org\/wp-content\/uploads\/2018\/11\/wordpress-optimisation-peinture8-mireillebelle.jpg 675w, https:\/\/new.mireille-belle.org\/wp-content\/uploads\/2018\/11\/wordpress-optimisation-peinture8-mireillebelle-200x200.jpg 200w, https:\/\/new.mireille-belle.org\/wp-content\/uploads\/2018\/11\/wordpress-optimisation-peinture8-mireillebelle-350x350.jpg 350w\" sizes=\"auto, (max-width: 675px) 100vw, 675px\" \/><\/a><\/figure>\n\n\n\n<figure class=\"wp-block-image size-full\"><a href=\"http:\/\/new.mireille-belle.org\/wp-content\/uploads\/2018\/11\/wordpress-optimisation-peinture7-mireillebelle.jpg\"><img loading=\"lazy\" decoding=\"async\" width=\"675\" height=\"629\" data-id=\"301\" src=\"http:\/\/new.mireille-belle.org\/wp-content\/uploads\/2018\/11\/wordpress-optimisation-peinture7-mireillebelle.jpg\" alt=\"Peinture de Mireille Belle, acrylique, Variations Rouges\" class=\"wp-image-301\" srcset=\"https:\/\/new.mireille-belle.org\/wp-content\/uploads\/2018\/11\/wordpress-optimisation-peinture7-mireillebelle.jpg 675w, https:\/\/new.mireille-belle.org\/wp-content\/uploads\/2018\/11\/wordpress-optimisation-peinture7-mireillebelle-350x326.jpg 350w\" sizes=\"auto, (max-width: 675px) 100vw, 675px\" \/><\/a><\/figure>\n\n\n\n<figure class=\"wp-block-image size-full\"><a href=\"http:\/\/new.mireille-belle.org\/wp-content\/uploads\/2018\/11\/wordpress-optimisation-peinture6-mireillebelle.jpg\"><img loading=\"lazy\" decoding=\"async\" width=\"675\" height=\"675\" data-id=\"300\" src=\"http:\/\/new.mireille-belle.org\/wp-content\/uploads\/2018\/11\/wordpress-optimisation-peinture6-mireillebelle.jpg\" alt=\"Peinture de Mireille Belle, acrylique, Variations Rouges\" class=\"wp-image-300\" srcset=\"https:\/\/new.mireille-belle.org\/wp-content\/uploads\/2018\/11\/wordpress-optimisation-peinture6-mireillebelle.jpg 675w, https:\/\/new.mireille-belle.org\/wp-content\/uploads\/2018\/11\/wordpress-optimisation-peinture6-mireillebelle-200x200.jpg 200w, https:\/\/new.mireille-belle.org\/wp-content\/uploads\/2018\/11\/wordpress-optimisation-peinture6-mireillebelle-350x350.jpg 350w\" sizes=\"auto, (max-width: 675px) 100vw, 675px\" \/><\/a><\/figure>\n\n\n\n<figure class=\"wp-block-image size-full\"><a href=\"http:\/\/new.mireille-belle.org\/wp-content\/uploads\/2018\/11\/wordpress-optimisation-peinture5-mireillebelle.jpg\"><img loading=\"lazy\" decoding=\"async\" width=\"675\" height=\"675\" data-id=\"299\" src=\"http:\/\/new.mireille-belle.org\/wp-content\/uploads\/2018\/11\/wordpress-optimisation-peinture5-mireillebelle.jpg\" alt=\"Peinture de Mireille Belle, acrylique, Variations Rouges\" class=\"wp-image-299\" srcset=\"https:\/\/new.mireille-belle.org\/wp-content\/uploads\/2018\/11\/wordpress-optimisation-peinture5-mireillebelle.jpg 675w, https:\/\/new.mireille-belle.org\/wp-content\/uploads\/2018\/11\/wordpress-optimisation-peinture5-mireillebelle-200x200.jpg 200w, https:\/\/new.mireille-belle.org\/wp-content\/uploads\/2018\/11\/wordpress-optimisation-peinture5-mireillebelle-350x350.jpg 350w\" sizes=\"auto, (max-width: 675px) 100vw, 675px\" \/><\/a><\/figure>\n\n\n\n<figure class=\"wp-block-image size-full\"><a href=\"http:\/\/new.mireille-belle.org\/wp-content\/uploads\/2018\/11\/wordpress-optimisation-peinture12-mireillebelle.jpg\"><img loading=\"lazy\" decoding=\"async\" width=\"675\" height=\"673\" data-id=\"305\" src=\"http:\/\/new.mireille-belle.org\/wp-content\/uploads\/2018\/11\/wordpress-optimisation-peinture12-mireillebelle.jpg\" alt=\"Peinture de Mireille Belle, acrylique, Variations Rouges\" class=\"wp-image-305\" srcset=\"https:\/\/new.mireille-belle.org\/wp-content\/uploads\/2018\/11\/wordpress-optimisation-peinture12-mireillebelle.jpg 675w, https:\/\/new.mireille-belle.org\/wp-content\/uploads\/2018\/11\/wordpress-optimisation-peinture12-mireillebelle-200x200.jpg 200w, https:\/\/new.mireille-belle.org\/wp-content\/uploads\/2018\/11\/wordpress-optimisation-peinture12-mireillebelle-350x350.jpg 350w\" sizes=\"auto, (max-width: 675px) 100vw, 675px\" \/><\/a><\/figure>\n<\/figure>\n\n\n\n<p><\/p>\n","protected":false},"excerpt":{"rendered":"<p>Ma peinture a toujours pris son temps et longtemps trouv\u00e9 son chemin seulement dans l&rsquo;\u00e9paisseur sensuelle de l&rsquo;huile. Avec le corps pour sujet de pr\u00e9dilection, j&rsquo;y colore l\u2019\u00e9ph\u00e9m\u00e8re passage d&rsquo;un homme parmi ses semblables. Peintures \u00e0 l&rsquo;huile Je m&rsquo;\u00e9vade aussi aujourd&rsquo;hui du sujet dans une recherche intens\u00e9ment picturale en couleurs et lumi\u00e8res, \u00e0 l&rsquo;acrylique.Dans mes &hellip; <a href=\"https:\/\/new.mireille-belle.org\/?page_id=68\" class=\"more-link\">Continuer la lecture de <span class=\"screen-reader-text\">Peintures<\/span>  <span class=\"meta-nav\">&rarr;<\/span><\/a><\/p>\n","protected":false},"author":2,"featured_media":0,"parent":0,"menu_order":0,"comment_status":"closed","ping_status":"closed","template":"","meta":{"footnotes":""},"class_list":["post-68","page","type-page","status-publish","hentry"],"_links":{"self":[{"href":"https:\/\/new.mireille-belle.org\/index.php?rest_route=\/wp\/v2\/pages\/68","targetHints":{"allow":["GET"]}}],"collection":[{"href":"https:\/\/new.mireille-belle.org\/index.php?rest_route=\/wp\/v2\/pages"}],"about":[{"href":"https:\/\/new.mireille-belle.org\/index.php?rest_route=\/wp\/v2\/types\/page"}],"author":[{"embeddable":true,"href":"https:\/\/new.mireille-belle.org\/index.php?rest_route=\/wp\/v2\/users\/2"}],"replies":[{"embeddable":true,"href":"https:\/\/new.mireille-belle.org\/index.php?rest_route=%2Fwp%2Fv2%2Fcomments&post=68"}],"version-history":[{"count":13,"href":"https:\/\/new.mireille-belle.org\/index.php?rest_route=\/wp\/v2\/pages\/68\/revisions"}],"predecessor-version":[{"id":852,"href":"https:\/\/new.mireille-belle.org\/index.php?rest_route=\/wp\/v2\/pages\/68\/revisions\/852"}],"wp:attachment":[{"href":"https:\/\/new.mireille-belle.org\/index.php?rest_route=%2Fwp%2Fv2%2Fmedia&parent=68"}],"curies":[{"name":"wp","href":"https:\/\/api.w.org\/{rel}","templated":true}]}}